{"id":1104,"date":"2025-08-15T23:37:49","date_gmt":"2025-08-15T21:37:49","guid":{"rendered":"https:\/\/www.adiktio.cz\/?page_id=1104"},"modified":"2025-08-15T23:46:43","modified_gmt":"2025-08-15T21:46:43","slug":"s-cim-a-jak-pomahame","status":"publish","type":"page","link":"https:\/\/www.adiktio.cz\/sk\/s-cim-a-jak-pomahame\/","title":{"rendered":"S \u010d\u00edm a ako pom\u00e1hame"},"content":{"rendered":"","protected":false},"excerpt":{"rendered":"","protected":false},"author":2,"featured_media":0,"parent":0,"menu_order":0,"comment_status":"closed","ping_status":"closed","template":"","meta":{"_acf_changed":false,"footnotes":""},"class_list":["post-1104","page","type-page","status-publish","hentry"],"acf":[],"_links":{"self":[{"href":"https:\/\/www.adiktio.cz\/sk\/wp-json\/wp\/v2\/pages\/1104","targetHints":{"allow":["GET"]}}],"collection":[{"href":"https:\/\/www.adiktio.cz\/sk\/wp-json\/wp\/v2\/pages"}],"about":[{"href":"https:\/\/www.adiktio.cz\/sk\/wp-json\/wp\/v2\/types\/page"}],"author":[{"embeddable":true,"href":"https:\/\/www.adiktio.cz\/sk\/wp-json\/wp\/v2\/users\/2"}],"replies":[{"embeddable":true,"href":"https:\/\/www.adiktio.cz\/sk\/wp-json\/wp\/v2\/comments?post=1104"}],"version-history":[{"count":2,"href":"https:\/\/www.adiktio.cz\/sk\/wp-json\/wp\/v2\/pages\/1104\/revisions"}],"predecessor-version":[{"id":1109,"href":"https:\/\/www.adiktio.cz\/sk\/wp-json\/wp\/v2\/pages\/1104\/revisions\/1109"}],"wp:attachment":[{"href":"https:\/\/www.adiktio.cz\/sk\/wp-json\/wp\/v2\/media?parent=1104"}],"curies":[{"name":"wp","href":"https:\/\/api.w.org\/{rel}","templated":true}]}}