{"id":1134,"date":"2025-08-16T15:06:20","date_gmt":"2025-08-16T13:06:20","guid":{"rendered":"https:\/\/www.adiktio.cz\/?page_id=1134"},"modified":"2025-08-16T15:06:20","modified_gmt":"2025-08-16T13:06:20","slug":"nelatkove-zavislosti","status":"publish","type":"page","link":"https:\/\/www.adiktio.cz\/sk\/nelatkove-zavislosti\/","title":{"rendered":"Nel\u00e1tkov\u00e9 z\u00e1vislosti"},"content":{"rendered":"","protected":false},"excerpt":{"rendered":"","protected":false},"author":2,"featured_media":0,"parent":0,"menu_order":0,"comment_status":"closed","ping_status":"closed","template":"","meta":{"_acf_changed":false,"footnotes":""},"class_list":["post-1134","page","type-page","status-publish","hentry"],"acf":[],"_links":{"self":[{"href":"https:\/\/www.adiktio.cz\/sk\/wp-json\/wp\/v2\/pages\/1134","targetHints":{"allow":["GET"]}}],"collection":[{"href":"https:\/\/www.adiktio.cz\/sk\/wp-json\/wp\/v2\/pages"}],"about":[{"href":"https:\/\/www.adiktio.cz\/sk\/wp-json\/wp\/v2\/types\/page"}],"author":[{"embeddable":true,"href":"https:\/\/www.adiktio.cz\/sk\/wp-json\/wp\/v2\/users\/2"}],"replies":[{"embeddable":true,"href":"https:\/\/www.adiktio.cz\/sk\/wp-json\/wp\/v2\/comments?post=1134"}],"version-history":[{"count":1,"href":"https:\/\/www.adiktio.cz\/sk\/wp-json\/wp\/v2\/pages\/1134\/revisions"}],"predecessor-version":[{"id":1135,"href":"https:\/\/www.adiktio.cz\/sk\/wp-json\/wp\/v2\/pages\/1134\/revisions\/1135"}],"wp:attachment":[{"href":"https:\/\/www.adiktio.cz\/sk\/wp-json\/wp\/v2\/media?parent=1134"}],"curies":[{"name":"wp","href":"https:\/\/api.w.org\/{rel}","templated":true}]}}