{"id":1144,"date":"2025-08-16T16:25:25","date_gmt":"2025-08-16T14:25:25","guid":{"rendered":"https:\/\/www.adiktio.cz\/?page_id=1144"},"modified":"2025-08-16T16:53:42","modified_gmt":"2025-08-16T14:53:42","slug":"zavislost-od-pocitacovych-hier","status":"publish","type":"page","link":"https:\/\/www.adiktio.cz\/sk\/zavislost-od-pocitacovych-hier\/","title":{"rendered":"Z\u00e1vislos\u0165 od po\u010d\u00edta\u010dov\u00fdch hier"},"content":{"rendered":"","protected":false},"excerpt":{"rendered":"","protected":false},"author":2,"featured_media":0,"parent":0,"menu_order":0,"comment_status":"closed","ping_status":"closed","template":"","meta":{"_acf_changed":false,"footnotes":""},"class_list":["post-1144","page","type-page","status-publish","hentry"],"acf":[],"_links":{"self":[{"href":"https:\/\/www.adiktio.cz\/sk\/wp-json\/wp\/v2\/pages\/1144","targetHints":{"allow":["GET"]}}],"collection":[{"href":"https:\/\/www.adiktio.cz\/sk\/wp-json\/wp\/v2\/pages"}],"about":[{"href":"https:\/\/www.adiktio.cz\/sk\/wp-json\/wp\/v2\/types\/page"}],"author":[{"embeddable":true,"href":"https:\/\/www.adiktio.cz\/sk\/wp-json\/wp\/v2\/users\/2"}],"replies":[{"embeddable":true,"href":"https:\/\/www.adiktio.cz\/sk\/wp-json\/wp\/v2\/comments?post=1144"}],"version-history":[{"count":2,"href":"https:\/\/www.adiktio.cz\/sk\/wp-json\/wp\/v2\/pages\/1144\/revisions"}],"predecessor-version":[{"id":1154,"href":"https:\/\/www.adiktio.cz\/sk\/wp-json\/wp\/v2\/pages\/1144\/revisions\/1154"}],"wp:attachment":[{"href":"https:\/\/www.adiktio.cz\/sk\/wp-json\/wp\/v2\/media?parent=1144"}],"curies":[{"name":"wp","href":"https:\/\/api.w.org\/{rel}","templated":true}]}}