{"id":1160,"date":"2025-08-16T17:46:16","date_gmt":"2025-08-16T15:46:16","guid":{"rendered":"https:\/\/www.adiktio.cz\/?page_id=1160"},"modified":"2025-08-16T17:46:16","modified_gmt":"2025-08-16T15:46:16","slug":"zavislost-od-mobilneho-telefonu","status":"publish","type":"page","link":"https:\/\/www.adiktio.cz\/sk\/zavislost-od-mobilneho-telefonu\/","title":{"rendered":"Z\u00e1vislos\u0165 od mobiln\u00e9ho telef\u00f3nu"},"content":{"rendered":"","protected":false},"excerpt":{"rendered":"","protected":false},"author":2,"featured_media":0,"parent":0,"menu_order":0,"comment_status":"closed","ping_status":"closed","template":"","meta":{"_acf_changed":false,"footnotes":""},"class_list":["post-1160","page","type-page","status-publish","hentry"],"acf":[],"_links":{"self":[{"href":"https:\/\/www.adiktio.cz\/sk\/wp-json\/wp\/v2\/pages\/1160","targetHints":{"allow":["GET"]}}],"collection":[{"href":"https:\/\/www.adiktio.cz\/sk\/wp-json\/wp\/v2\/pages"}],"about":[{"href":"https:\/\/www.adiktio.cz\/sk\/wp-json\/wp\/v2\/types\/page"}],"author":[{"embeddable":true,"href":"https:\/\/www.adiktio.cz\/sk\/wp-json\/wp\/v2\/users\/2"}],"replies":[{"embeddable":true,"href":"https:\/\/www.adiktio.cz\/sk\/wp-json\/wp\/v2\/comments?post=1160"}],"version-history":[{"count":2,"href":"https:\/\/www.adiktio.cz\/sk\/wp-json\/wp\/v2\/pages\/1160\/revisions"}],"predecessor-version":[{"id":1162,"href":"https:\/\/www.adiktio.cz\/sk\/wp-json\/wp\/v2\/pages\/1160\/revisions\/1162"}],"wp:attachment":[{"href":"https:\/\/www.adiktio.cz\/sk\/wp-json\/wp\/v2\/media?parent=1160"}],"curies":[{"name":"wp","href":"https:\/\/api.w.org\/{rel}","templated":true}]}}